{"id":1274,"date":"2026-01-26T13:12:35","date_gmt":"2026-01-26T16:12:35","guid":{"rendered":"https:\/\/stbrendan.edu.uy\/?page_id=1274"},"modified":"2026-03-02T11:38:48","modified_gmt":"2026-03-02T14:38:48","slug":"salon-social","status":"publish","type":"page","link":"https:\/\/stbrendan.edu.uy\/en\/salon-social\/","title":{"rendered":"Sal\u00f3n social"},"content":{"rendered":"<div data-elementor-type=\"wp-page\" data-elementor-id=\"1274\" class=\"elementor elementor-1274\" data-elementor-post-type=\"page\">\n\t\t\t\t<div class=\"elementor-element elementor-element-1a973e98 e-con-full e-flex e-con e-child\" data-id=\"1a973e98\" data-element_type=\"container\" data-e-type=\"container\" data-settings=\"{&quot;background_background&quot;:&quot;classic&quot;}\">\n\t\t<div class=\"elementor-element elementor-element-02e5ca7 e-flex e-con-boxed e-con e-child\" data-id=\"02e5ca7\" data-element_type=\"container\" data-e-type=\"container\">\n\t\t\t\t\t<div class=\"e-con-inner\">\n\t\t\t\t<div class=\"elementor-element elementor-element-2ea0b96 elementor-widget-divider--view-line elementor-widget elementor-widget-global elementor-global-332 elementor-widget-divider\" data-id=\"2ea0b96\" data-element_type=\"widget\" data-e-type=\"widget\" data-widget_type=\"divider.default\">\n\t\t\t\t\t\t\t<div class=\"elementor-divider\">\n\t\t\t<span class=\"elementor-divider-separator\">\n\t\t\t\t\t\t<\/span>\n\t\t<\/div>\n\t\t\t\t\t\t<\/div>\n\t\t\t\t<div class=\"elementor-element elementor-element-9f9da72 elementor-widget elementor-widget-heading\" data-id=\"9f9da72\" data-element_type=\"widget\" data-e-type=\"widget\" data-widget_type=\"heading.default\">\n\t\t\t\t\t<h1 class=\"elementor-heading-title elementor-size-default\">Sal\u00f3n social - Bren's House\n<\/h1>\t\t\t\t<\/div>\n\t\t\t\t<div class=\"elementor-element elementor-element-c7a24ca elementor-widget elementor-widget-text-editor\" data-id=\"c7a24ca\" data-element_type=\"widget\" data-e-type=\"widget\" data-widget_type=\"text-editor.default\">\n\t\t\t\t\t\t\t\t\t<p>St. Brendan\u2019s Sports Fields cuenta con un Sal\u00f3n Social para la realizaci\u00f3n de eventos que fomenten encuentros de camarader\u00eda entre integrantes de la comunidad del colegio. No est\u00e1 habilitado el uso para celebrar cumplea\u00f1os.<\/p>\t\t\t\t\t\t\t\t<\/div>\n\t\t<div class=\"elementor-element elementor-element-6c16917 e-con-full e-flex e-con e-child\" data-id=\"6c16917\" data-element_type=\"container\" data-e-type=\"container\">\n\t\t\t\t<div class=\"elementor-element elementor-element-3093e99 elementor-widget elementor-widget-button\" data-id=\"3093e99\" data-element_type=\"widget\" data-e-type=\"widget\" data-widget_type=\"button.default\">\n\t\t\t\t\t\t\t\t\t\t<a class=\"elementor-button elementor-button-link elementor-size-sm\" href=\"https:\/\/drive.google.com\/file\/d\/1mnM3Ju5S4kYyBtQNCsjcUaOJzZIyp5ky\/view?usp=sharing\">\n\t\t\t\t\t\t<span class=\"elementor-button-content-wrapper\">\n\t\t\t\t\t\t\t\t\t<span class=\"elementor-button-text\">Ver Reglamento de Uso del House<\/span>\n\t\t\t\t\t<\/span>\n\t\t\t\t\t<\/a>\n\t\t\t\t\t\t\t\t<\/div>\n\t\t\t\t<div class=\"elementor-element elementor-element-b25530c elementor-widget elementor-widget-button\" data-id=\"b25530c\" data-element_type=\"widget\" data-e-type=\"widget\" data-widget_type=\"button.default\">\n\t\t\t\t\t\t\t\t\t\t<a class=\"elementor-button elementor-button-link elementor-size-sm\" href=\"\/wp-content\/uploads\/2026\/02\/solicituduso_house.pdf\">\n\t\t\t\t\t\t<span class=\"elementor-button-content-wrapper\">\n\t\t\t\t\t\t\t\t\t<span class=\"elementor-button-text\">Ver Solicitud alquiler House<\/span>\n\t\t\t\t\t<\/span>\n\t\t\t\t\t<\/a>\n\t\t\t\t\t\t\t\t<\/div>\n\t\t\t\t<\/div>\n\t\t\t\t\t<\/div>\n\t\t\t\t<\/div>\n\t\t\t\t<\/div>\n\t\t\t\t<\/div>","protected":false},"excerpt":{"rendered":"<p>Sal\u00f3n social &#8211; Bren&#8217;s House St. Brendan\u2019s Sports Fields cuenta con un Sal\u00f3n Social para la realizaci\u00f3n de eventos que fomenten encuentros de camarader\u00eda entre integrantes de la comunidad del colegio. No est\u00e1 habilitado el uso para celebrar cumplea\u00f1os. Ver Reglamento de Uso del House Ver Solicitud alquiler House<\/p>","protected":false},"author":2,"featured_media":0,"parent":0,"menu_order":0,"comment_status":"closed","ping_status":"closed","template":"","meta":{"footnotes":""},"class_list":["post-1274","page","type-page","status-publish","hentry"],"aioseo_notices":[],"_links":{"self":[{"href":"https:\/\/stbrendan.edu.uy\/en\/wp-json\/wp\/v2\/pages\/1274","targetHints":{"allow":["GET"]}}],"collection":[{"href":"https:\/\/stbrendan.edu.uy\/en\/wp-json\/wp\/v2\/pages"}],"about":[{"href":"https:\/\/stbrendan.edu.uy\/en\/wp-json\/wp\/v2\/types\/page"}],"author":[{"embeddable":true,"href":"https:\/\/stbrendan.edu.uy\/en\/wp-json\/wp\/v2\/users\/2"}],"replies":[{"embeddable":true,"href":"https:\/\/stbrendan.edu.uy\/en\/wp-json\/wp\/v2\/comments?post=1274"}],"version-history":[{"count":25,"href":"https:\/\/stbrendan.edu.uy\/en\/wp-json\/wp\/v2\/pages\/1274\/revisions"}],"predecessor-version":[{"id":2683,"href":"https:\/\/stbrendan.edu.uy\/en\/wp-json\/wp\/v2\/pages\/1274\/revisions\/2683"}],"wp:attachment":[{"href":"https:\/\/stbrendan.edu.uy\/en\/wp-json\/wp\/v2\/media?parent=1274"}],"curies":[{"name":"wp","href":"https:\/\/api.w.org\/{rel}","templated":true}]}}