{"id":1892,"date":"2026-02-09T15:01:09","date_gmt":"2026-02-09T18:01:09","guid":{"rendered":"https:\/\/papayawhip-hawk-888242.hostingersite.com\/?page_id=1892"},"modified":"2026-03-16T14:01:47","modified_gmt":"2026-03-16T17:01:47","slug":"viaje-a-irlanda","status":"publish","type":"page","link":"https:\/\/stbrendan.edu.uy\/en\/viaje-a-irlanda\/","title":{"rendered":"Viaje a Irlanda"},"content":{"rendered":"\t\t<div data-elementor-type=\"wp-page\" data-elementor-id=\"1892\" class=\"elementor elementor-1892\" data-elementor-post-type=\"page\">\n\t\t\t\t<div class=\"elementor-element elementor-element-437480e8 e-flex e-con-boxed e-con e-child\" data-id=\"437480e8\" data-element_type=\"container\" data-e-type=\"container\" data-settings=\"{&quot;background_background&quot;:&quot;gradient&quot;}\">\n\t\t\t\t\t<div class=\"e-con-inner\">\n\t\t\t\t<div class=\"elementor-element elementor-element-292b0edc elementor-widget-divider--view-line elementor-widget elementor-widget-divider\" data-id=\"292b0edc\" data-element_type=\"widget\" data-e-type=\"widget\" data-widget_type=\"divider.default\">\n\t\t\t\t\t\t\t<div class=\"elementor-divider\">\n\t\t\t<span class=\"elementor-divider-separator\">\n\t\t\t\t\t\t<\/span>\n\t\t<\/div>\n\t\t\t\t\t\t<\/div>\n\t\t\t\t<div class=\"elementor-element elementor-element-81904d0 elementor-widget elementor-widget-heading\" data-id=\"81904d0\" data-element_type=\"widget\" data-e-type=\"widget\" data-widget_type=\"heading.default\">\n\t\t\t\t\t<h1 class=\"elementor-heading-title elementor-size-default\">Viaje a Irlanda<\/h1>\t\t\t\t<\/div>\n\t\t\t\t<div class=\"elementor-element elementor-element-754843a8 elementor-widget elementor-widget-text-editor\" data-id=\"754843a8\" data-element_type=\"widget\" data-e-type=\"widget\" data-widget_type=\"text-editor.default\">\n\t\t\t\t\t\t\t\t\t<p>Una experiencia de aprendizaje para toda la vida.<\/p>\t\t\t\t\t\t\t\t<\/div>\n\t\t\t\t\t<\/div>\n\t\t\t\t<\/div>\n\t\t<div class=\"elementor-element elementor-element-281febc e-con-full e-flex e-con e-parent\" data-id=\"281febc\" data-element_type=\"container\" data-e-type=\"container\">\n\t\t\t\t<div class=\"elementor-element elementor-element-9274c5a elementor-widget elementor-widget-image\" data-id=\"9274c5a\" data-element_type=\"widget\" data-e-type=\"widget\" data-widget_type=\"image.default\">\n\t\t\t\t\t\t\t\t\t\t\t\t\t\t\t<img fetchpriority=\"high\" decoding=\"async\" width=\"1600\" height=\"1200\" src=\"https:\/\/stbrendan.edu.uy\/wp-content\/uploads\/2026\/02\/viaje-a-irlanda.jpg\" class=\"attachment-full size-full wp-image-1908\" alt=\"\" srcset=\"https:\/\/stbrendan.edu.uy\/wp-content\/uploads\/2026\/02\/viaje-a-irlanda.jpg 1600w, https:\/\/stbrendan.edu.uy\/wp-content\/uploads\/2026\/02\/viaje-a-irlanda-300x225.jpg 300w, https:\/\/stbrendan.edu.uy\/wp-content\/uploads\/2026\/02\/viaje-a-irlanda-1024x768.jpg 1024w, https:\/\/stbrendan.edu.uy\/wp-content\/uploads\/2026\/02\/viaje-a-irlanda-768x576.jpg 768w, https:\/\/stbrendan.edu.uy\/wp-content\/uploads\/2026\/02\/viaje-a-irlanda-1536x1152.jpg 1536w, https:\/\/stbrendan.edu.uy\/wp-content\/uploads\/2026\/02\/viaje-a-irlanda-16x12.jpg 16w\" sizes=\"(max-width: 1600px) 100vw, 1600px\" \/>\t\t\t\t\t\t\t\t\t\t\t\t\t\t\t<\/div>\n\t\t\t\t<\/div>\n\t\t<div class=\"elementor-element elementor-element-1b664e38 e-con-full e-flex e-con e-child\" data-id=\"1b664e38\" data-element_type=\"container\" data-e-type=\"container\" data-settings=\"{&quot;background_background&quot;:&quot;classic&quot;}\">\n\t\t<div class=\"elementor-element elementor-element-44ffcced e-grid e-con-boxed e-con e-child\" data-id=\"44ffcced\" data-element_type=\"container\" data-e-type=\"container\">\n\t\t\t\t\t<div class=\"e-con-inner\">\n\t\t<div class=\"elementor-element elementor-element-2301da e-con-full e-flex e-con e-child\" data-id=\"2301da\" data-element_type=\"container\" data-e-type=\"container\">\n\t\t\t\t<div class=\"elementor-element elementor-element-3288d4b6 elementor-widget elementor-widget-text-editor\" data-id=\"3288d4b6\" data-element_type=\"widget\" data-e-type=\"widget\" data-widget_type=\"text-editor.default\">\n\t\t\t\t\t\t\t\t\t<p>Al finalizar 5\u00b0 a\u00f1o de Secundaria los estudiantes de St. Brendan\u2019s School viven la maravillosa experiencia de estudiar en uno de los mejores colegios de Dubl\u00edn, viviendo en casas de familia como un irland\u00e9s m\u00e1s, compartiendo sus costumbres y perfeccionando el idioma. \u00a1Y adem\u00e1s conocer luego Londres y Edimburgo!<\/p><p>Para hacer el viaje posible para la mayor cantidad de alumnos, a\u00f1o a a\u00f1o el colegio desarrolla como mecanismo de apoyo institucional para la financiaci\u00f3n, una venta de rifas.<\/p>\t\t\t\t\t\t\t\t<\/div>\n\t\t\t\t<div class=\"elementor-element elementor-element-3bc50b8c elementor-widget elementor-widget-html\" data-id=\"3bc50b8c\" data-element_type=\"widget\" data-e-type=\"widget\" data-widget_type=\"html.default\">\n\t\t\t\t\t<div class=\"sb-modal\" id=\"sbReglamentosModal\" aria-hidden=\"true\">\r\n  <div class=\"sb-modal__backdrop\" data-sb-close><\/div>\r\n\r\n  <div class=\"sb-modal__dialog\" role=\"dialog\" aria-modal=\"true\" aria-labelledby=\"sbReglamentosTitle\" tabindex=\"-1\">\r\n    <div class=\"sb-modal__header\">\r\n      <div>\r\n        <div class=\"sb-modal__title\" id=\"sbReglamentosTitle\">Reglamentos<\/div>\r\n        <div class=\"sb-modal__sub\">St Brendan\u2019s School<\/div>\r\n      <\/div>\r\n\r\n      <button class=\"sb-modal__x\" type=\"button\" aria-label=\"Cerrar\" data-sb-close>\u2715<\/button>\r\n    <\/div>\r\n\r\n    <div class=\"sb-modal__body\">\r\n      <div class=\"sb-modal__text\">\r\n        <p><strong>Para formar parte del grupo de viaje ser\u00e1 indispensable firmar el reglamento el primer a\u00f1o que se ingresa y luego el a\u00f1o previo al viaje con las actualizaciones del mismo.<\/strong><\/p>\r\n\r\n        <p>Aquellos que deseen no estar m\u00e1s en el grupo de viaje deber\u00e1n darse de baja enviando un e-mail a <a href=\"mailto:stbrendan.edu.uy\">viajeirlanda@stbrendan.edu.uy<\/a>, de lo contrario se asumir\u00e1 su continuidad con los derechos y obligaciones de pertenecer al grupo de viaje de St.Brendan\u00b4s School.<\/p>\r\n\r\n<a class=\"sb-modal__download\"\r\n   href=\"https:\/\/drive.google.com\/file\/d\/1qrNbbHZCUjd-ycLi2yFDx3nPlsGtk0mh\/view?usp=sharing\"\r\n   target=\"_blank\"\r\n   rel=\"noopener\"\r\n   download>\r\n  Descargar reglamento PDF\r\n<\/a>\r\n\r\n      <\/div>\r\n    <\/div>\r\n\r\n    <div class=\"sb-modal__footer\">\r\n      <button class=\"sb-btn sb-btn--ghost\" type=\"button\" data-sb-close>Cerrar<\/button>\r\n    <\/div>\r\n  <\/div>\r\n<\/div>\r\n\r\n<script>\r\n(() => {\r\n  const modal = document.getElementById('sbReglamentosModal');\r\n  const dialog = modal?.querySelector('.sb-modal__dialog');\r\n  if (!modal || !dialog) return;\r\n\r\n  const openId = 'open-reglamentos';\r\n  let lastFocused = null;\r\n\r\n  const open = () => {\r\n    lastFocused = document.activeElement;\r\n    modal.classList.add('is-open');\r\n    modal.setAttribute('aria-hidden', 'false');\r\n    document.body.style.overflow = 'hidden';\r\n    setTimeout(() => dialog.focus(), 0);\r\n  };\r\n\r\n  const close = () => {\r\n    modal.classList.remove('is-open');\r\n    modal.setAttribute('aria-hidden', 'true');\r\n    document.body.style.overflow = '';\r\n    if (lastFocused && typeof lastFocused.focus === 'function') lastFocused.focus();\r\n  };\r\n\r\n  \/\/ Delegaci\u00f3n: funciona aunque Elementor re-renderice\r\n  document.addEventListener('click', (e) => {\r\n    const openBtn = e.target.closest('#' + openId);\r\n    if (openBtn) {\r\n      e.preventDefault();\r\n      open();\r\n      return;\r\n    }\r\n    if (modal.classList.contains('is-open') && e.target.closest('[data-sb-close]')) {\r\n      e.preventDefault();\r\n      close();\r\n    }\r\n  });\r\n\r\n  document.addEventListener('keydown', (e) => {\r\n    if (!modal.classList.contains('is-open')) return;\r\n    if (e.key === 'Escape') close();\r\n  });\r\n})();\r\n<\/script>\r\n\t\t\t\t<\/div>\n\t\t<div class=\"elementor-element elementor-element-106f5595 e-flex e-con-boxed e-con e-child\" data-id=\"106f5595\" data-element_type=\"container\" data-e-type=\"container\">\n\t\t\t\t\t<div class=\"e-con-inner\">\n\t\t\t\t<div class=\"elementor-element elementor-element-72a90450 elementor-widget elementor-widget-button\" data-id=\"72a90450\" data-element_type=\"widget\" data-e-type=\"widget\" id=\"open-reglamentos\" data-widget_type=\"button.default\">\n\t\t\t\t\t\t\t\t\t\t<a class=\"elementor-button elementor-button-link elementor-size-sm\" href=\"https:\/\/drive.google.com\/file\/d\/1qrNbbHZCUjd-ycLi2yFDx3nPlsGtk0mh\/view?usp=sharing\">\n\t\t\t\t\t\t<span class=\"elementor-button-content-wrapper\">\n\t\t\t\t\t\t\t\t\t<span class=\"elementor-button-text\">Ver reglamentos<\/span>\n\t\t\t\t\t<\/span>\n\t\t\t\t\t<\/a>\n\t\t\t\t\t\t\t\t<\/div>\n\t\t\t\t\t<\/div>\n\t\t\t\t<\/div>\n\t\t\t\t<\/div>\n\t\t<div class=\"elementor-element elementor-element-16e26c25 e-con-full e-flex e-con e-child\" data-id=\"16e26c25\" data-element_type=\"container\" data-e-type=\"container\">\n\t\t<div class=\"elementor-element elementor-element-203d15af e-flex e-con-boxed e-con e-child\" data-id=\"203d15af\" data-element_type=\"container\" data-e-type=\"container\" data-settings=\"{&quot;background_background&quot;:&quot;classic&quot;}\">\n\t\t\t\t\t<div class=\"e-con-inner\">\n\t\t\t\t<div class=\"elementor-element elementor-element-13a65a6b elementor-widget elementor-widget-heading\" data-id=\"13a65a6b\" data-element_type=\"widget\" data-e-type=\"widget\" data-widget_type=\"heading.default\">\n\t\t\t\t\t<h3 class=\"elementor-heading-title elementor-size-default\">Objetivos del viaje<\/h3>\t\t\t\t<\/div>\n\t\t\t\t<div class=\"elementor-element elementor-element-437bb6ef elementor-widget elementor-widget-text-editor\" data-id=\"437bb6ef\" data-element_type=\"widget\" data-e-type=\"widget\" data-widget_type=\"text-editor.default\">\n\t\t\t\t\t\t\t\t\t<ul><li>Brindar la oportunidad de vivir una experiencia intercultural.<\/li><li>Desarrollar la competencia comunicativa en el idioma ingl\u00e9s.<\/li><li>Desarrollar habilidades de trabajo colaborativo y de autocontrol, fomentando tambi\u00e9n la independencia.<\/li><li>Disfrutar de un viaje inolvidable que fortalezca los lazos generacionales y enriquezca el acervo cultural.<\/li><\/ul>\t\t\t\t\t\t\t\t<\/div>\n\t\t\t\t\t<\/div>\n\t\t\t\t<\/div>\n\t\t\t\t<\/div>\n\t\t\t\t\t<\/div>\n\t\t\t\t<\/div>\n\t\t<div class=\"elementor-element elementor-element-2cc947ab e-grid e-con-boxed e-con e-child\" data-id=\"2cc947ab\" data-element_type=\"container\" data-e-type=\"container\">\n\t\t\t\t\t<div class=\"e-con-inner\">\n\t\t<div class=\"elementor-element elementor-element-4a9c1e92 e-flex e-con-boxed e-con e-child\" data-id=\"4a9c1e92\" data-element_type=\"container\" data-e-type=\"container\" data-settings=\"{&quot;background_background&quot;:&quot;classic&quot;}\">\n\t\t\t\t\t<div class=\"e-con-inner\">\n\t\t\t\t<div class=\"elementor-element elementor-element-26b65037 elementor-widget elementor-widget-heading\" data-id=\"26b65037\" data-element_type=\"widget\" data-e-type=\"widget\" data-widget_type=\"heading.default\">\n\t\t\t\t\t<h3 class=\"elementor-heading-title elementor-size-default\">Emerald Cultural Institute<\/h3>\t\t\t\t<\/div>\n\t\t\t\t<div class=\"elementor-element elementor-element-26a2e4dd elementor-widget elementor-widget-text-editor\" data-id=\"26a2e4dd\" data-element_type=\"widget\" data-e-type=\"widget\" data-widget_type=\"text-editor.default\">\n\t\t\t\t\t\t\t\t\t<p>EMERALD CULTURAL INSTITUTE ha sido elegida como una de las 5 mejores escuelas de idioma del mundo (<a href=\"http:\/\/www.eci.ie\/\" target=\"_blank\" rel=\"noopener\">www.eci.ie<\/a>), destacada por su calidad acad\u00e9mica, atenci\u00f3n al alumno, ubicaci\u00f3n y excelente infraestructura. Est\u00e1 avalada por el Departamento de Educaci\u00f3n de Irlanda y cuenta con acreditaci\u00f3n de normas ISO.<\/p>\t\t\t\t\t\t\t\t<\/div>\n\t\t\t\t\t<\/div>\n\t\t\t\t<\/div>\n\t\t<div class=\"elementor-element elementor-element-538817c6 e-flex e-con-boxed e-con e-child\" data-id=\"538817c6\" data-element_type=\"container\" data-e-type=\"container\" data-settings=\"{&quot;background_background&quot;:&quot;classic&quot;}\">\n\t\t\t\t\t<div class=\"e-con-inner\">\n\t\t<div class=\"elementor-element elementor-element-29722ad3 e-con-full e-flex e-con e-child\" data-id=\"29722ad3\" data-element_type=\"container\" data-e-type=\"container\" data-settings=\"{&quot;background_background&quot;:&quot;classic&quot;}\">\n\t\t\t\t<div class=\"elementor-element elementor-element-7b2e12ac elementor-widget elementor-widget-heading\" data-id=\"7b2e12ac\" data-element_type=\"widget\" data-e-type=\"widget\" data-widget_type=\"heading.default\">\n\t\t\t\t\t<h4 class=\"elementor-heading-title elementor-size-default\">Referente Viaje a Irlanda<\/h4>\t\t\t\t<\/div>\n\t\t\t\t<div class=\"elementor-element elementor-element-29ec28f7 elementor-widget elementor-widget-text-editor\" data-id=\"29ec28f7\" data-element_type=\"widget\" data-e-type=\"widget\" data-widget_type=\"text-editor.default\">\n\t\t\t\t\t\t\t\t\t<p>Virginia Vi\u00f1als \u2014 <a style=\"font-weight: bold; color: #006040;\" href=\"mailto:viajeirlanda@stbrendan.edu.uy\">viajeirlanda@stbrendan.edu.uy<\/a><\/p>\t\t\t\t\t\t\t\t<\/div>\n\t\t\t\t<\/div>\n\t\t\t\t\t<\/div>\n\t\t\t\t<\/div>\n\t\t\t\t\t<\/div>\n\t\t\t\t<\/div>\n\t\t<div class=\"elementor-element elementor-element-43d09374 e-flex e-con-boxed e-con e-child\" data-id=\"43d09374\" data-element_type=\"container\" data-e-type=\"container\">\n\t\t\t\t\t<div class=\"e-con-inner\">\n\t\t\t\t<div class=\"elementor-element elementor-element-4a2113fb elementor-widget elementor-widget-n-accordion\" data-id=\"4a2113fb\" data-element_type=\"widget\" data-e-type=\"widget\" data-settings=\"{&quot;default_state&quot;:&quot;all_collapsed&quot;,&quot;max_items_expended&quot;:&quot;one&quot;,&quot;n_accordion_animation_duration&quot;:{&quot;unit&quot;:&quot;ms&quot;,&quot;size&quot;:400,&quot;sizes&quot;:[]}}\" data-widget_type=\"nested-accordion.default\">\n\t\t\t\t\t\t\t<div class=\"e-n-accordion\" aria-label=\"Accordion. Open links with Enter or Space, close with Escape, and navigate with Arrow Keys\">\n\t\t\t\t\t\t<details id=\"e-n-accordion-item-1240\" class=\"e-n-accordion-item\" >\n\t\t\t\t<summary class=\"e-n-accordion-item-title\" data-accordion-index=\"1\" tabindex=\"0\" aria-expanded=\"false\" aria-controls=\"e-n-accordion-item-1240\" >\n\t\t\t\t\t<span class='e-n-accordion-item-title-header'><div class=\"e-n-accordion-item-title-text\"> P\u00e1ginas de inter\u00e9s \u2014 Links \u00fatiles para el viaje <\/div><\/span>\n\t\t\t\t\t\t\t<span class='e-n-accordion-item-title-icon'>\n\t\t\t<span class='e-opened' ><svg aria-hidden=\"true\" class=\"e-font-icon-svg e-fas-chevron-up\" viewBox=\"0 0 448 512\" xmlns=\"http:\/\/www.w3.org\/2000\/svg\"><path d=\"M240.971 130.524l194.343 194.343c9.373 9.373 9.373 24.569 0 33.941l-22.667 22.667c-9.357 9.357-24.522 9.375-33.901.04L224 227.495 69.255 381.516c-9.379 9.335-24.544 9.317-33.901-.04l-22.667-22.667c-9.373-9.373-9.373-24.569 0-33.941L207.03 130.525c9.372-9.373 24.568-9.373 33.941-.001z\"><\/path><\/svg><\/span>\n\t\t\t<span class='e-closed'><svg aria-hidden=\"true\" class=\"e-font-icon-svg e-fas-chevron-down\" viewBox=\"0 0 448 512\" xmlns=\"http:\/\/www.w3.org\/2000\/svg\"><path d=\"M207.029 381.476L12.686 187.132c-9.373-9.373-9.373-24.569 0-33.941l22.667-22.667c9.357-9.357 24.522-9.375 33.901-.04L224 284.505l154.745-154.021c9.379-9.335 24.544-9.317 33.901.04l22.667 22.667c9.373 9.373 9.373 24.569 0 33.941L240.971 381.476c-9.373 9.372-24.569 9.372-33.942 0z\"><\/path><\/svg><\/span>\n\t\t<\/span>\n\n\t\t\t\t\t\t<\/summary>\n\t\t\t\t<div role=\"region\" aria-labelledby=\"e-n-accordion-item-1240\" class=\"elementor-element elementor-element-5d4cda0b e-con-full e-flex e-con e-child\" data-id=\"5d4cda0b\" data-element_type=\"container\" data-e-type=\"container\">\n\t\t<div role=\"region\" aria-labelledby=\"e-n-accordion-item-1240\" class=\"elementor-element elementor-element-1e8abfa0 e-flex e-con-boxed e-con e-child\" data-id=\"1e8abfa0\" data-element_type=\"container\" data-e-type=\"container\" data-settings=\"{&quot;background_background&quot;:&quot;classic&quot;}\">\n\t\t\t\t\t<div class=\"e-con-inner\">\n\t\t\t\t<div class=\"elementor-element elementor-element-2af7142c elementor-widget elementor-widget-text-editor\" data-id=\"2af7142c\" data-element_type=\"widget\" data-e-type=\"widget\" data-widget_type=\"text-editor.default\">\n\t\t\t\t\t\t\t\t\t<ul><li><a href=\"https:\/\/www.discoverireland.ie\/\" target=\"_blank\" rel=\"noopener\">www.discoverireland.ie<\/a><\/li><li><a href=\"https:\/\/www.visitdublin.com\/\" target=\"_blank\" rel=\"noopener\">www.visitdublin.com<\/a><\/li><li><a href=\"https:\/\/www.visitengland.com\/\" target=\"_blank\" rel=\"noopener\">www.visitengland.com<\/a><\/li><li><a href=\"https:\/\/www.cityoflondon.gov.uk\/Pages\/default.aspx\" target=\"_blank\" rel=\"noopener\">www.cityoflondon.gov.uk<\/a><\/li><li><a href=\"https:\/\/www.scotland.org\/\" target=\"_blank\" rel=\"noopener\">www.scotland.org<\/a><\/li><li><a href=\"https:\/\/www.edinburgh.org\/\" target=\"_blank\" rel=\"noopener\">www.edinburgh.org<\/a><\/li><\/ul>\t\t\t\t\t\t\t\t<\/div>\n\t\t\t\t\t<\/div>\n\t\t\t\t<\/div>\n\t\t\t\t<\/div>\n\t\t\t\t\t<\/details>\n\t\t\t\t\t<\/div>\n\t\t\t\t\t\t<\/div>\n\t\t\t\t\t<\/div>\n\t\t\t\t<\/div>\n\t\t\t\t<\/div>\n\t\t\t\t<\/div>\n\t\t","protected":false},"excerpt":{"rendered":"<p>Viaje a Irlanda Una experiencia de aprendizaje para toda la vida. Al finalizar 5\u00b0 a\u00f1o de Secundaria los estudiantes de St. Brendan\u2019s School viven la maravillosa experiencia de estudiar en uno de los mejores colegios de Dubl\u00edn, viviendo en casas de familia como un irland\u00e9s m\u00e1s, compartiendo sus costumbres y perfeccionando el idioma. \u00a1Y adem\u00e1s [&hellip;]<\/p>\n","protected":false},"author":2,"featured_media":0,"parent":0,"menu_order":0,"comment_status":"closed","ping_status":"closed","template":"","meta":{"footnotes":""},"class_list":["post-1892","page","type-page","status-publish","hentry"],"aioseo_notices":[],"_links":{"self":[{"href":"https:\/\/stbrendan.edu.uy\/en\/wp-json\/wp\/v2\/pages\/1892","targetHints":{"allow":["GET"]}}],"collection":[{"href":"https:\/\/stbrendan.edu.uy\/en\/wp-json\/wp\/v2\/pages"}],"about":[{"href":"https:\/\/stbrendan.edu.uy\/en\/wp-json\/wp\/v2\/types\/page"}],"author":[{"embeddable":true,"href":"https:\/\/stbrendan.edu.uy\/en\/wp-json\/wp\/v2\/users\/2"}],"replies":[{"embeddable":true,"href":"https:\/\/stbrendan.edu.uy\/en\/wp-json\/wp\/v2\/comments?post=1892"}],"version-history":[{"count":46,"href":"https:\/\/stbrendan.edu.uy\/en\/wp-json\/wp\/v2\/pages\/1892\/revisions"}],"predecessor-version":[{"id":2750,"href":"https:\/\/stbrendan.edu.uy\/en\/wp-json\/wp\/v2\/pages\/1892\/revisions\/2750"}],"wp:attachment":[{"href":"https:\/\/stbrendan.edu.uy\/en\/wp-json\/wp\/v2\/media?parent=1892"}],"curies":[{"name":"wp","href":"https:\/\/api.w.org\/{rel}","templated":true}]}}